{"id":1168,"date":"2021-10-25T08:57:43","date_gmt":"2021-10-25T07:57:43","guid":{"rendered":"https:\/\/protegergrandola.org\/homepage\/"},"modified":"2022-01-28T23:44:00","modified_gmt":"2022-01-28T23:44:00","slug":"homepage","status":"publish","type":"page","link":"https:\/\/protegergrandola.org\/en\/","title":{"rendered":"Homepage"},"content":{"rendered":"\n\n\n\n\n\n\n\n[et_pb_section fb_built=&#8221;1&#8243; _builder_version=&#8221;4.11.4&#8243; _module_preset=&#8221;default&#8221;][\/et_pb_section]\n\n\n\n\n\n\n\n","protected":false},"excerpt":{"rendered":"","protected":false},"author":1,"featured_media":0,"parent":0,"menu_order":0,"comment_status":"closed","ping_status":"closed","template":"","meta":{"nf_dc_page":"","_et_pb_use_builder":"on","_et_pb_old_content":"","_et_gb_content_width":"","inline_featured_image":false,"footnotes":"","_links_to":"","_links_to_target":""},"class_list":["post-1168","page","type-page","status-publish","hentry"],"yoast_head":"<!-- This site is optimized with the Yoast SEO plugin v27.4 - https:\/\/yoast.com\/product\/yoast-seo-wordpress\/ -->\n<title>Proteger Gr\u00e2ndola - Associa\u00e7\u00e3o de Defesa do Ambiente<\/title>\n<meta name=\"description\" content=\"We are a group of citizens concerned about the unbridled real estate and tourist development of which the municipality of Gr\u00e2ndola is a victim.\" \/>\n<meta name=\"robots\" content=\"index, follow, max-snippet:-1, max-image-preview:large, max-video-preview:-1\" \/>\n<link rel=\"canonical\" href=\"https:\/\/protegergrandola.org\/en\/\" \/>\n<meta property=\"og:locale\" content=\"en_US\" \/>\n<meta property=\"og:type\" content=\"article\" \/>\n<meta property=\"og:title\" content=\"Proteger Gr\u00e2ndola - Associa\u00e7\u00e3o de Defesa do Ambiente\" \/>\n<meta property=\"og:description\" content=\"We are a group of citizens concerned about the unbridled real estate and tourist development of which the municipality of Gr\u00e2ndola is a victim.\" \/>\n<meta property=\"og:url\" content=\"https:\/\/protegergrandola.org\/en\/\" \/>\n<meta property=\"og:site_name\" content=\"Proteger Gr\u00e2ndola\" \/>\n<meta property=\"article:modified_time\" content=\"2022-01-28T23:44:00+00:00\" \/>\n<meta name=\"twitter:card\" content=\"summary_large_image\" \/>\n<script type=\"application\/ld+json\" class=\"yoast-schema-graph\">{\"@context\":\"https:\\\/\\\/schema.org\",\"@graph\":[{\"@type\":\"WebPage\",\"@id\":\"https:\\\/\\\/protegergrandola.org\\\/en\\\/\",\"url\":\"https:\\\/\\\/protegergrandola.org\\\/en\\\/\",\"name\":\"Proteger Gr\u00e2ndola - Associa\u00e7\u00e3o de Defesa do Ambiente\",\"isPartOf\":{\"@id\":\"https:\\\/\\\/protegergrandola.org\\\/en\\\/#website\"},\"datePublished\":\"2021-10-25T07:57:43+00:00\",\"dateModified\":\"2022-01-28T23:44:00+00:00\",\"description\":\"We are a group of citizens concerned about the unbridled real estate and tourist development of which the municipality of Gr\u00e2ndola is a victim.\",\"breadcrumb\":{\"@id\":\"https:\\\/\\\/protegergrandola.org\\\/en\\\/#breadcrumb\"},\"inLanguage\":\"en-US\",\"potentialAction\":[{\"@type\":\"ReadAction\",\"target\":[\"https:\\\/\\\/protegergrandola.org\\\/en\\\/\"]}]},{\"@type\":\"BreadcrumbList\",\"@id\":\"https:\\\/\\\/protegergrandola.org\\\/en\\\/#breadcrumb\",\"itemListElement\":[{\"@type\":\"ListItem\",\"position\":1,\"name\":\"In\u00edcio\",\"item\":\"https:\\\/\\\/protegergrandola.org\\\/en\\\/\"},{\"@type\":\"ListItem\",\"position\":2,\"name\":\"Homepage\"}]},{\"@type\":\"WebSite\",\"@id\":\"https:\\\/\\\/protegergrandola.org\\\/en\\\/#website\",\"url\":\"https:\\\/\\\/protegergrandola.org\\\/en\\\/\",\"name\":\"Proteger Gr\u00e2ndola\",\"description\":\"Associa\u00e7\u00e3o de Defesa do Ambiente\",\"publisher\":{\"@id\":\"https:\\\/\\\/protegergrandola.org\\\/en\\\/#organization\"},\"potentialAction\":[{\"@type\":\"SearchAction\",\"target\":{\"@type\":\"EntryPoint\",\"urlTemplate\":\"https:\\\/\\\/protegergrandola.org\\\/en\\\/?s={search_term_string}\"},\"query-input\":{\"@type\":\"PropertyValueSpecification\",\"valueRequired\":true,\"valueName\":\"search_term_string\"}}],\"inLanguage\":\"en-US\"},{\"@type\":\"Organization\",\"@id\":\"https:\\\/\\\/protegergrandola.org\\\/en\\\/#organization\",\"name\":\"Proteger Gr\u00e2ndola \u2013 Associa\u00e7\u00e3o de Defesa do Ambiente\",\"url\":\"https:\\\/\\\/protegergrandola.org\\\/en\\\/\",\"logo\":{\"@type\":\"ImageObject\",\"inLanguage\":\"en-US\",\"@id\":\"https:\\\/\\\/protegergrandola.org\\\/en\\\/#\\\/schema\\\/logo\\\/image\\\/\",\"url\":\"https:\\\/\\\/protegergrandola.org\\\/wp-content\\\/uploads\\\/2021\\\/10\\\/logo-proteger-grandola-associacao-do-ambiente.svg\",\"contentUrl\":\"https:\\\/\\\/protegergrandola.org\\\/wp-content\\\/uploads\\\/2021\\\/10\\\/logo-proteger-grandola-associacao-do-ambiente.svg\",\"width\":158,\"height\":65,\"caption\":\"Proteger Gr\u00e2ndola \u2013 Associa\u00e7\u00e3o de Defesa do Ambiente\"},\"image\":{\"@id\":\"https:\\\/\\\/protegergrandola.org\\\/en\\\/#\\\/schema\\\/logo\\\/image\\\/\"}}]}<\/script>\n<!-- \/ Yoast SEO plugin. -->","yoast_head_json":{"title":"Proteger Gr\u00e2ndola - Associa\u00e7\u00e3o de Defesa do Ambiente","description":"We are a group of citizens concerned about the unbridled real estate and tourist development of which the municipality of Gr\u00e2ndola is a victim.","robots":{"index":"index","follow":"follow","max-snippet":"max-snippet:-1","max-image-preview":"max-image-preview:large","max-video-preview":"max-video-preview:-1"},"canonical":"https:\/\/protegergrandola.org\/en\/","og_locale":"en_US","og_type":"article","og_title":"Proteger Gr\u00e2ndola - Associa\u00e7\u00e3o de Defesa do Ambiente","og_description":"We are a group of citizens concerned about the unbridled real estate and tourist development of which the municipality of Gr\u00e2ndola is a victim.","og_url":"https:\/\/protegergrandola.org\/en\/","og_site_name":"Proteger Gr\u00e2ndola","article_modified_time":"2022-01-28T23:44:00+00:00","twitter_card":"summary_large_image","schema":{"@context":"https:\/\/schema.org","@graph":[{"@type":"WebPage","@id":"https:\/\/protegergrandola.org\/en\/","url":"https:\/\/protegergrandola.org\/en\/","name":"Proteger Gr\u00e2ndola - Associa\u00e7\u00e3o de Defesa do Ambiente","isPartOf":{"@id":"https:\/\/protegergrandola.org\/en\/#website"},"datePublished":"2021-10-25T07:57:43+00:00","dateModified":"2022-01-28T23:44:00+00:00","description":"We are a group of citizens concerned about the unbridled real estate and tourist development of which the municipality of Gr\u00e2ndola is a victim.","breadcrumb":{"@id":"https:\/\/protegergrandola.org\/en\/#breadcrumb"},"inLanguage":"en-US","potentialAction":[{"@type":"ReadAction","target":["https:\/\/protegergrandola.org\/en\/"]}]},{"@type":"BreadcrumbList","@id":"https:\/\/protegergrandola.org\/en\/#breadcrumb","itemListElement":[{"@type":"ListItem","position":1,"name":"In\u00edcio","item":"https:\/\/protegergrandola.org\/en\/"},{"@type":"ListItem","position":2,"name":"Homepage"}]},{"@type":"WebSite","@id":"https:\/\/protegergrandola.org\/en\/#website","url":"https:\/\/protegergrandola.org\/en\/","name":"Proteger Gr\u00e2ndola","description":"Associa\u00e7\u00e3o de Defesa do Ambiente","publisher":{"@id":"https:\/\/protegergrandola.org\/en\/#organization"},"potentialAction":[{"@type":"SearchAction","target":{"@type":"EntryPoint","urlTemplate":"https:\/\/protegergrandola.org\/en\/?s={search_term_string}"},"query-input":{"@type":"PropertyValueSpecification","valueRequired":true,"valueName":"search_term_string"}}],"inLanguage":"en-US"},{"@type":"Organization","@id":"https:\/\/protegergrandola.org\/en\/#organization","name":"Proteger Gr\u00e2ndola \u2013 Associa\u00e7\u00e3o de Defesa do Ambiente","url":"https:\/\/protegergrandola.org\/en\/","logo":{"@type":"ImageObject","inLanguage":"en-US","@id":"https:\/\/protegergrandola.org\/en\/#\/schema\/logo\/image\/","url":"https:\/\/protegergrandola.org\/wp-content\/uploads\/2021\/10\/logo-proteger-grandola-associacao-do-ambiente.svg","contentUrl":"https:\/\/protegergrandola.org\/wp-content\/uploads\/2021\/10\/logo-proteger-grandola-associacao-do-ambiente.svg","width":158,"height":65,"caption":"Proteger Gr\u00e2ndola \u2013 Associa\u00e7\u00e3o de Defesa do Ambiente"},"image":{"@id":"https:\/\/protegergrandola.org\/en\/#\/schema\/logo\/image\/"}}]}},"jetpack_sharing_enabled":true,"_links":{"self":[{"href":"https:\/\/protegergrandola.org\/en\/wp-json\/wp\/v2\/pages\/1168","targetHints":{"allow":["GET"]}}],"collection":[{"href":"https:\/\/protegergrandola.org\/en\/wp-json\/wp\/v2\/pages"}],"about":[{"href":"https:\/\/protegergrandola.org\/en\/wp-json\/wp\/v2\/types\/page"}],"author":[{"embeddable":true,"href":"https:\/\/protegergrandola.org\/en\/wp-json\/wp\/v2\/users\/1"}],"replies":[{"embeddable":true,"href":"https:\/\/protegergrandola.org\/en\/wp-json\/wp\/v2\/comments?post=1168"}],"version-history":[{"count":1,"href":"https:\/\/protegergrandola.org\/en\/wp-json\/wp\/v2\/pages\/1168\/revisions"}],"predecessor-version":[{"id":1169,"href":"https:\/\/protegergrandola.org\/en\/wp-json\/wp\/v2\/pages\/1168\/revisions\/1169"}],"wp:attachment":[{"href":"https:\/\/protegergrandola.org\/en\/wp-json\/wp\/v2\/media?parent=1168"}],"curies":[{"name":"wp","href":"https:\/\/api.w.org\/{rel}","templated":true}]}}