{"id":1196,"date":"2022-01-29T00:41:29","date_gmt":"2022-01-29T00:41:29","guid":{"rendered":"https:\/\/protegergrandola.org\/how-to-support\/member\/"},"modified":"2022-01-29T00:46:13","modified_gmt":"2022-01-29T00:46:13","slug":"step-1","status":"publish","type":"page","link":"https:\/\/protegergrandola.org\/en\/support\/step-1\/","title":{"rendered":"Member"},"content":{"rendered":"\n<p>Proteger Gr\u00e2ndola &#8211; Associa\u00e7\u00e3o de Defesa do Ambiente is an independent non-profit organisation. <\/p>\n","protected":false},"excerpt":{"rendered":"<p>Proteger Gr\u00e2ndola &#8211; Associa\u00e7\u00e3o de Defesa do Ambiente is an independent non-profit organisation.<\/p>\n","protected":false},"author":1,"featured_media":0,"parent":1195,"menu_order":0,"comment_status":"closed","ping_status":"closed","template":"","meta":{"nf_dc_page":"","_et_pb_use_builder":"","_et_pb_old_content":"","_et_gb_content_width":"","inline_featured_image":false,"footnotes":"","_links_to":"","_links_to_target":""},"class_list":["post-1196","page","type-page","status-publish","hentry"],"yoast_head":"<!-- This site is optimized with the Yoast SEO plugin v27.4 - https:\/\/yoast.com\/product\/yoast-seo-wordpress\/ -->\n<title>Member - Proteger Gr\u00e2ndola<\/title>\n<meta name=\"robots\" content=\"noindex, nofollow\" \/>\n<meta property=\"og:locale\" content=\"en_US\" \/>\n<meta property=\"og:type\" content=\"article\" \/>\n<meta property=\"og:title\" content=\"Member - Proteger Gr\u00e2ndola\" \/>\n<meta property=\"og:description\" content=\"Proteger Gr\u00e2ndola &#8211; Associa\u00e7\u00e3o de Defesa do Ambiente is an independent non-profit organisation.\" \/>\n<meta property=\"og:url\" content=\"https:\/\/protegergrandola.org\/en\/support\/step-1\/\" \/>\n<meta property=\"og:site_name\" content=\"Proteger Gr\u00e2ndola\" \/>\n<meta property=\"article:modified_time\" content=\"2022-01-29T00:46:13+00:00\" \/>\n<meta name=\"twitter:card\" content=\"summary_large_image\" \/>\n<script type=\"application\/ld+json\" class=\"yoast-schema-graph\">{\"@context\":\"https:\\\/\\\/schema.org\",\"@graph\":[{\"@type\":\"WebPage\",\"@id\":\"https:\\\/\\\/protegergrandola.org\\\/en\\\/support\\\/step-1\\\/\",\"url\":\"https:\\\/\\\/protegergrandola.org\\\/en\\\/support\\\/step-1\\\/\",\"name\":\"Member - Proteger Gr\u00e2ndola\",\"isPartOf\":{\"@id\":\"https:\\\/\\\/protegergrandola.org\\\/en\\\/#website\"},\"datePublished\":\"2022-01-29T00:41:29+00:00\",\"dateModified\":\"2022-01-29T00:46:13+00:00\",\"breadcrumb\":{\"@id\":\"https:\\\/\\\/protegergrandola.org\\\/en\\\/support\\\/step-1\\\/#breadcrumb\"},\"inLanguage\":\"en-US\",\"potentialAction\":[{\"@type\":\"ReadAction\",\"target\":[\"https:\\\/\\\/protegergrandola.org\\\/en\\\/support\\\/step-1\\\/\"]}]},{\"@type\":\"BreadcrumbList\",\"@id\":\"https:\\\/\\\/protegergrandola.org\\\/en\\\/support\\\/step-1\\\/#breadcrumb\",\"itemListElement\":[{\"@type\":\"ListItem\",\"position\":1,\"name\":\"In\u00edcio\",\"item\":\"https:\\\/\\\/protegergrandola.org\\\/en\\\/\"},{\"@type\":\"ListItem\",\"position\":2,\"name\":\"How to support\",\"item\":\"https:\\\/\\\/protegergrandola.org\\\/en\\\/support\\\/\"},{\"@type\":\"ListItem\",\"position\":3,\"name\":\"Member\"}]},{\"@type\":\"WebSite\",\"@id\":\"https:\\\/\\\/protegergrandola.org\\\/en\\\/#website\",\"url\":\"https:\\\/\\\/protegergrandola.org\\\/en\\\/\",\"name\":\"Proteger Gr\u00e2ndola\",\"description\":\"Associa\u00e7\u00e3o de Defesa do Ambiente\",\"publisher\":{\"@id\":\"https:\\\/\\\/protegergrandola.org\\\/en\\\/#organization\"},\"potentialAction\":[{\"@type\":\"SearchAction\",\"target\":{\"@type\":\"EntryPoint\",\"urlTemplate\":\"https:\\\/\\\/protegergrandola.org\\\/en\\\/?s={search_term_string}\"},\"query-input\":{\"@type\":\"PropertyValueSpecification\",\"valueRequired\":true,\"valueName\":\"search_term_string\"}}],\"inLanguage\":\"en-US\"},{\"@type\":\"Organization\",\"@id\":\"https:\\\/\\\/protegergrandola.org\\\/en\\\/#organization\",\"name\":\"Proteger Gr\u00e2ndola \u2013 Associa\u00e7\u00e3o de Defesa do Ambiente\",\"url\":\"https:\\\/\\\/protegergrandola.org\\\/en\\\/\",\"logo\":{\"@type\":\"ImageObject\",\"inLanguage\":\"en-US\",\"@id\":\"https:\\\/\\\/protegergrandola.org\\\/en\\\/#\\\/schema\\\/logo\\\/image\\\/\",\"url\":\"https:\\\/\\\/protegergrandola.org\\\/wp-content\\\/uploads\\\/2021\\\/10\\\/logo-proteger-grandola-associacao-do-ambiente.svg\",\"contentUrl\":\"https:\\\/\\\/protegergrandola.org\\\/wp-content\\\/uploads\\\/2021\\\/10\\\/logo-proteger-grandola-associacao-do-ambiente.svg\",\"width\":158,\"height\":65,\"caption\":\"Proteger Gr\u00e2ndola \u2013 Associa\u00e7\u00e3o de Defesa do Ambiente\"},\"image\":{\"@id\":\"https:\\\/\\\/protegergrandola.org\\\/en\\\/#\\\/schema\\\/logo\\\/image\\\/\"}}]}<\/script>\n<!-- \/ Yoast SEO plugin. -->","yoast_head_json":{"title":"Member - Proteger Gr\u00e2ndola","robots":{"index":"noindex","follow":"nofollow"},"og_locale":"en_US","og_type":"article","og_title":"Member - Proteger Gr\u00e2ndola","og_description":"Proteger Gr\u00e2ndola &#8211; Associa\u00e7\u00e3o de Defesa do Ambiente is an independent non-profit organisation.","og_url":"https:\/\/protegergrandola.org\/en\/support\/step-1\/","og_site_name":"Proteger Gr\u00e2ndola","article_modified_time":"2022-01-29T00:46:13+00:00","twitter_card":"summary_large_image","schema":{"@context":"https:\/\/schema.org","@graph":[{"@type":"WebPage","@id":"https:\/\/protegergrandola.org\/en\/support\/step-1\/","url":"https:\/\/protegergrandola.org\/en\/support\/step-1\/","name":"Member - Proteger Gr\u00e2ndola","isPartOf":{"@id":"https:\/\/protegergrandola.org\/en\/#website"},"datePublished":"2022-01-29T00:41:29+00:00","dateModified":"2022-01-29T00:46:13+00:00","breadcrumb":{"@id":"https:\/\/protegergrandola.org\/en\/support\/step-1\/#breadcrumb"},"inLanguage":"en-US","potentialAction":[{"@type":"ReadAction","target":["https:\/\/protegergrandola.org\/en\/support\/step-1\/"]}]},{"@type":"BreadcrumbList","@id":"https:\/\/protegergrandola.org\/en\/support\/step-1\/#breadcrumb","itemListElement":[{"@type":"ListItem","position":1,"name":"In\u00edcio","item":"https:\/\/protegergrandola.org\/en\/"},{"@type":"ListItem","position":2,"name":"How to support","item":"https:\/\/protegergrandola.org\/en\/support\/"},{"@type":"ListItem","position":3,"name":"Member"}]},{"@type":"WebSite","@id":"https:\/\/protegergrandola.org\/en\/#website","url":"https:\/\/protegergrandola.org\/en\/","name":"Proteger Gr\u00e2ndola","description":"Associa\u00e7\u00e3o de Defesa do Ambiente","publisher":{"@id":"https:\/\/protegergrandola.org\/en\/#organization"},"potentialAction":[{"@type":"SearchAction","target":{"@type":"EntryPoint","urlTemplate":"https:\/\/protegergrandola.org\/en\/?s={search_term_string}"},"query-input":{"@type":"PropertyValueSpecification","valueRequired":true,"valueName":"search_term_string"}}],"inLanguage":"en-US"},{"@type":"Organization","@id":"https:\/\/protegergrandola.org\/en\/#organization","name":"Proteger Gr\u00e2ndola \u2013 Associa\u00e7\u00e3o de Defesa do Ambiente","url":"https:\/\/protegergrandola.org\/en\/","logo":{"@type":"ImageObject","inLanguage":"en-US","@id":"https:\/\/protegergrandola.org\/en\/#\/schema\/logo\/image\/","url":"https:\/\/protegergrandola.org\/wp-content\/uploads\/2021\/10\/logo-proteger-grandola-associacao-do-ambiente.svg","contentUrl":"https:\/\/protegergrandola.org\/wp-content\/uploads\/2021\/10\/logo-proteger-grandola-associacao-do-ambiente.svg","width":158,"height":65,"caption":"Proteger Gr\u00e2ndola \u2013 Associa\u00e7\u00e3o de Defesa do Ambiente"},"image":{"@id":"https:\/\/protegergrandola.org\/en\/#\/schema\/logo\/image\/"}}]}},"jetpack_sharing_enabled":true,"_links":{"self":[{"href":"https:\/\/protegergrandola.org\/en\/wp-json\/wp\/v2\/pages\/1196","targetHints":{"allow":["GET"]}}],"collection":[{"href":"https:\/\/protegergrandola.org\/en\/wp-json\/wp\/v2\/pages"}],"about":[{"href":"https:\/\/protegergrandola.org\/en\/wp-json\/wp\/v2\/types\/page"}],"author":[{"embeddable":true,"href":"https:\/\/protegergrandola.org\/en\/wp-json\/wp\/v2\/users\/1"}],"replies":[{"embeddable":true,"href":"https:\/\/protegergrandola.org\/en\/wp-json\/wp\/v2\/comments?post=1196"}],"version-history":[{"count":1,"href":"https:\/\/protegergrandola.org\/en\/wp-json\/wp\/v2\/pages\/1196\/revisions"}],"predecessor-version":[{"id":1197,"href":"https:\/\/protegergrandola.org\/en\/wp-json\/wp\/v2\/pages\/1196\/revisions\/1197"}],"up":[{"embeddable":true,"href":"https:\/\/protegergrandola.org\/en\/wp-json\/wp\/v2\/pages\/1195"}],"wp:attachment":[{"href":"https:\/\/protegergrandola.org\/en\/wp-json\/wp\/v2\/media?parent=1196"}],"curies":[{"name":"wp","href":"https:\/\/api.w.org\/{rel}","templated":true}]}}