{"id":1216,"date":"2022-01-29T11:07:31","date_gmt":"2022-01-29T11:07:31","guid":{"rendered":"https:\/\/protegergrandola.org\/contacts\/"},"modified":"2022-01-29T11:07:31","modified_gmt":"2022-01-29T11:07:31","slug":"contacts","status":"publish","type":"page","link":"https:\/\/protegergrandola.org\/en\/contacts\/","title":{"rendered":"Contacts"},"content":{"rendered":"","protected":false},"excerpt":{"rendered":"","protected":false},"author":1,"featured_media":1098,"parent":0,"menu_order":0,"comment_status":"closed","ping_status":"closed","template":"","meta":{"nf_dc_page":"","_et_pb_use_builder":"","_et_pb_old_content":"","_et_gb_content_width":"","inline_featured_image":false,"footnotes":"","_links_to":"","_links_to_target":""},"class_list":["post-1216","page","type-page","status-publish","has-post-thumbnail","hentry"],"yoast_head":"<!-- This site is optimized with the Yoast SEO plugin v27.4 - https:\/\/yoast.com\/product\/yoast-seo-wordpress\/ -->\n<title>Contacts - Proteger Gr\u00e2ndola<\/title>\n<meta name=\"robots\" content=\"index, follow, max-snippet:-1, max-image-preview:large, max-video-preview:-1\" \/>\n<link rel=\"canonical\" href=\"https:\/\/protegergrandola.org\/en\/contacts\/\" \/>\n<meta property=\"og:locale\" content=\"en_US\" \/>\n<meta property=\"og:type\" content=\"article\" \/>\n<meta property=\"og:title\" content=\"Contacts - Proteger Gr\u00e2ndola\" \/>\n<meta property=\"og:url\" content=\"https:\/\/protegergrandola.org\/en\/contacts\/\" \/>\n<meta property=\"og:site_name\" content=\"Proteger Gr\u00e2ndola\" \/>\n<meta name=\"twitter:card\" content=\"summary_large_image\" \/>\n<script type=\"application\/ld+json\" class=\"yoast-schema-graph\">{\"@context\":\"https:\\\/\\\/schema.org\",\"@graph\":[{\"@type\":\"WebPage\",\"@id\":\"https:\\\/\\\/protegergrandola.org\\\/en\\\/contacts\\\/\",\"url\":\"https:\\\/\\\/protegergrandola.org\\\/en\\\/contacts\\\/\",\"name\":\"Contacts - Proteger Gr\u00e2ndola\",\"isPartOf\":{\"@id\":\"https:\\\/\\\/protegergrandola.org\\\/en\\\/#website\"},\"primaryImageOfPage\":{\"@id\":\"https:\\\/\\\/protegergrandola.org\\\/en\\\/contacts\\\/#primaryimage\"},\"image\":{\"@id\":\"https:\\\/\\\/protegergrandola.org\\\/en\\\/contacts\\\/#primaryimage\"},\"thumbnailUrl\":\"https:\\\/\\\/i0.wp.com\\\/protegergrandola.org\\\/wp-content\\\/uploads\\\/2021\\\/10\\\/praia-melides-grandola-2.jpg?fit=2560%2C1920&ssl=1\",\"datePublished\":\"2022-01-29T11:07:31+00:00\",\"breadcrumb\":{\"@id\":\"https:\\\/\\\/protegergrandola.org\\\/en\\\/contacts\\\/#breadcrumb\"},\"inLanguage\":\"en-US\",\"potentialAction\":[{\"@type\":\"ReadAction\",\"target\":[\"https:\\\/\\\/protegergrandola.org\\\/en\\\/contacts\\\/\"]}]},{\"@type\":\"ImageObject\",\"inLanguage\":\"en-US\",\"@id\":\"https:\\\/\\\/protegergrandola.org\\\/en\\\/contacts\\\/#primaryimage\",\"url\":\"https:\\\/\\\/i0.wp.com\\\/protegergrandola.org\\\/wp-content\\\/uploads\\\/2021\\\/10\\\/praia-melides-grandola-2.jpg?fit=2560%2C1920&ssl=1\",\"contentUrl\":\"https:\\\/\\\/i0.wp.com\\\/protegergrandola.org\\\/wp-content\\\/uploads\\\/2021\\\/10\\\/praia-melides-grandola-2.jpg?fit=2560%2C1920&ssl=1\",\"width\":2560,\"height\":1920},{\"@type\":\"BreadcrumbList\",\"@id\":\"https:\\\/\\\/protegergrandola.org\\\/en\\\/contacts\\\/#breadcrumb\",\"itemListElement\":[{\"@type\":\"ListItem\",\"position\":1,\"name\":\"In\u00edcio\",\"item\":\"https:\\\/\\\/protegergrandola.org\\\/en\\\/\"},{\"@type\":\"ListItem\",\"position\":2,\"name\":\"Contacts\"}]},{\"@type\":\"WebSite\",\"@id\":\"https:\\\/\\\/protegergrandola.org\\\/en\\\/#website\",\"url\":\"https:\\\/\\\/protegergrandola.org\\\/en\\\/\",\"name\":\"Proteger Gr\u00e2ndola\",\"description\":\"Associa\u00e7\u00e3o de Defesa do Ambiente\",\"publisher\":{\"@id\":\"https:\\\/\\\/protegergrandola.org\\\/en\\\/#organization\"},\"potentialAction\":[{\"@type\":\"SearchAction\",\"target\":{\"@type\":\"EntryPoint\",\"urlTemplate\":\"https:\\\/\\\/protegergrandola.org\\\/en\\\/?s={search_term_string}\"},\"query-input\":{\"@type\":\"PropertyValueSpecification\",\"valueRequired\":true,\"valueName\":\"search_term_string\"}}],\"inLanguage\":\"en-US\"},{\"@type\":\"Organization\",\"@id\":\"https:\\\/\\\/protegergrandola.org\\\/en\\\/#organization\",\"name\":\"Proteger Gr\u00e2ndola \u2013 Associa\u00e7\u00e3o de Defesa do Ambiente\",\"url\":\"https:\\\/\\\/protegergrandola.org\\\/en\\\/\",\"logo\":{\"@type\":\"ImageObject\",\"inLanguage\":\"en-US\",\"@id\":\"https:\\\/\\\/protegergrandola.org\\\/en\\\/#\\\/schema\\\/logo\\\/image\\\/\",\"url\":\"https:\\\/\\\/protegergrandola.org\\\/wp-content\\\/uploads\\\/2021\\\/10\\\/logo-proteger-grandola-associacao-do-ambiente.svg\",\"contentUrl\":\"https:\\\/\\\/protegergrandola.org\\\/wp-content\\\/uploads\\\/2021\\\/10\\\/logo-proteger-grandola-associacao-do-ambiente.svg\",\"width\":158,\"height\":65,\"caption\":\"Proteger Gr\u00e2ndola \u2013 Associa\u00e7\u00e3o de Defesa do Ambiente\"},\"image\":{\"@id\":\"https:\\\/\\\/protegergrandola.org\\\/en\\\/#\\\/schema\\\/logo\\\/image\\\/\"}}]}<\/script>\n<!-- \/ Yoast SEO plugin. -->","yoast_head_json":{"title":"Contacts - Proteger Gr\u00e2ndola","robots":{"index":"index","follow":"follow","max-snippet":"max-snippet:-1","max-image-preview":"max-image-preview:large","max-video-preview":"max-video-preview:-1"},"canonical":"https:\/\/protegergrandola.org\/en\/contacts\/","og_locale":"en_US","og_type":"article","og_title":"Contacts - Proteger Gr\u00e2ndola","og_url":"https:\/\/protegergrandola.org\/en\/contacts\/","og_site_name":"Proteger Gr\u00e2ndola","twitter_card":"summary_large_image","schema":{"@context":"https:\/\/schema.org","@graph":[{"@type":"WebPage","@id":"https:\/\/protegergrandola.org\/en\/contacts\/","url":"https:\/\/protegergrandola.org\/en\/contacts\/","name":"Contacts - Proteger Gr\u00e2ndola","isPartOf":{"@id":"https:\/\/protegergrandola.org\/en\/#website"},"primaryImageOfPage":{"@id":"https:\/\/protegergrandola.org\/en\/contacts\/#primaryimage"},"image":{"@id":"https:\/\/protegergrandola.org\/en\/contacts\/#primaryimage"},"thumbnailUrl":"https:\/\/i0.wp.com\/protegergrandola.org\/wp-content\/uploads\/2021\/10\/praia-melides-grandola-2.jpg?fit=2560%2C1920&ssl=1","datePublished":"2022-01-29T11:07:31+00:00","breadcrumb":{"@id":"https:\/\/protegergrandola.org\/en\/contacts\/#breadcrumb"},"inLanguage":"en-US","potentialAction":[{"@type":"ReadAction","target":["https:\/\/protegergrandola.org\/en\/contacts\/"]}]},{"@type":"ImageObject","inLanguage":"en-US","@id":"https:\/\/protegergrandola.org\/en\/contacts\/#primaryimage","url":"https:\/\/i0.wp.com\/protegergrandola.org\/wp-content\/uploads\/2021\/10\/praia-melides-grandola-2.jpg?fit=2560%2C1920&ssl=1","contentUrl":"https:\/\/i0.wp.com\/protegergrandola.org\/wp-content\/uploads\/2021\/10\/praia-melides-grandola-2.jpg?fit=2560%2C1920&ssl=1","width":2560,"height":1920},{"@type":"BreadcrumbList","@id":"https:\/\/protegergrandola.org\/en\/contacts\/#breadcrumb","itemListElement":[{"@type":"ListItem","position":1,"name":"In\u00edcio","item":"https:\/\/protegergrandola.org\/en\/"},{"@type":"ListItem","position":2,"name":"Contacts"}]},{"@type":"WebSite","@id":"https:\/\/protegergrandola.org\/en\/#website","url":"https:\/\/protegergrandola.org\/en\/","name":"Proteger Gr\u00e2ndola","description":"Associa\u00e7\u00e3o de Defesa do Ambiente","publisher":{"@id":"https:\/\/protegergrandola.org\/en\/#organization"},"potentialAction":[{"@type":"SearchAction","target":{"@type":"EntryPoint","urlTemplate":"https:\/\/protegergrandola.org\/en\/?s={search_term_string}"},"query-input":{"@type":"PropertyValueSpecification","valueRequired":true,"valueName":"search_term_string"}}],"inLanguage":"en-US"},{"@type":"Organization","@id":"https:\/\/protegergrandola.org\/en\/#organization","name":"Proteger Gr\u00e2ndola \u2013 Associa\u00e7\u00e3o de Defesa do Ambiente","url":"https:\/\/protegergrandola.org\/en\/","logo":{"@type":"ImageObject","inLanguage":"en-US","@id":"https:\/\/protegergrandola.org\/en\/#\/schema\/logo\/image\/","url":"https:\/\/protegergrandola.org\/wp-content\/uploads\/2021\/10\/logo-proteger-grandola-associacao-do-ambiente.svg","contentUrl":"https:\/\/protegergrandola.org\/wp-content\/uploads\/2021\/10\/logo-proteger-grandola-associacao-do-ambiente.svg","width":158,"height":65,"caption":"Proteger Gr\u00e2ndola \u2013 Associa\u00e7\u00e3o de Defesa do Ambiente"},"image":{"@id":"https:\/\/protegergrandola.org\/en\/#\/schema\/logo\/image\/"}}]}},"jetpack_sharing_enabled":true,"_links":{"self":[{"href":"https:\/\/protegergrandola.org\/en\/wp-json\/wp\/v2\/pages\/1216","targetHints":{"allow":["GET"]}}],"collection":[{"href":"https:\/\/protegergrandola.org\/en\/wp-json\/wp\/v2\/pages"}],"about":[{"href":"https:\/\/protegergrandola.org\/en\/wp-json\/wp\/v2\/types\/page"}],"author":[{"embeddable":true,"href":"https:\/\/protegergrandola.org\/en\/wp-json\/wp\/v2\/users\/1"}],"replies":[{"embeddable":true,"href":"https:\/\/protegergrandola.org\/en\/wp-json\/wp\/v2\/comments?post=1216"}],"version-history":[{"count":0,"href":"https:\/\/protegergrandola.org\/en\/wp-json\/wp\/v2\/pages\/1216\/revisions"}],"wp:featuredmedia":[{"embeddable":true,"href":"https:\/\/protegergrandola.org\/en\/wp-json\/wp\/v2\/media\/1098"}],"wp:attachment":[{"href":"https:\/\/protegergrandola.org\/en\/wp-json\/wp\/v2\/media?parent=1216"}],"curies":[{"name":"wp","href":"https:\/\/api.w.org\/{rel}","templated":true}]}}